{"id":481,"date":"2023-09-05T17:16:29","date_gmt":"2023-09-05T20:16:29","guid":{"rendered":"https:\/\/poolsites.com.br\/recruteibrusque\/?page_id=481"},"modified":"2025-05-07T15:04:17","modified_gmt":"2025-05-07T18:04:17","slug":"pagina-de-login","status":"publish","type":"page","link":"https:\/\/poolsites.com.br\/recruteibrusque\/pagina-de-login\/","title":{"rendered":"P\u00e1gina de login"},"content":{"rendered":"\t\t<div data-elementor-type=\"wp-page\" data-elementor-id=\"481\" class=\"elementor elementor-481\" data-elementor-post-type=\"page\">\n\t\t\t\t<div class=\"elementor-element elementor-element-677c36c e-flex e-con-boxed e-con e-parent\" data-id=\"677c36c\" data-element_type=\"container\" data-settings=\"{&quot;background_background&quot;:&quot;classic&quot;}\">\n\t\t\t\t\t<div class=\"e-con-inner\">\n\t\t<div class=\"elementor-element elementor-element-dbd6e1c e-con-full e-flex e-con e-child\" data-id=\"dbd6e1c\" data-element_type=\"container\" data-settings=\"{&quot;background_background&quot;:&quot;classic&quot;}\">\n\t\t\t\t<div class=\"elementor-element elementor-element-58ad77c elementor-widget elementor-widget-heading\" data-id=\"58ad77c\" data-element_type=\"widget\" data-widget_type=\"heading.default\">\n\t\t\t\t<div class=\"elementor-widget-container\">\n\t\t\t\t\t<h2 class=\"elementor-heading-title elementor-size-default\">Log In<\/h2>\t\t\t\t<\/div>\n\t\t\t\t<\/div>\n\t\t\t\t<\/div>\n\t\t\t\t<div class=\"elementor-element elementor-element-0fec822 elementor-widget elementor-widget-text-editor\" data-id=\"0fec822\" data-element_type=\"widget\" data-widget_type=\"text-editor.default\">\n\t\t\t\t<div class=\"elementor-widget-container\">\n\t\t\t\t\t\t\t\t\t<p>Ainda n\u00e3o \u00e9 um membro? <a href=\"https:\/\/poolsites.com.br\/recruteibrusque\/cadastro\/\"><span style=\"color: #ff9900;\">Registre-se<\/span><\/a><\/p>\t\t\t\t\t\t\t\t<\/div>\n\t\t\t\t<\/div>\n\t\t\t\t\t<\/div>\n\t\t\t\t<\/div>\n\t\t\t\t<\/div>\n\t\t","protected":false},"excerpt":{"rendered":"<p>Log In Usu\u00e1rio Senha Lembrar-me Esqueceu sua senha ??? Ainda n\u00e3o \u00e9 um membro? Registre-se<\/p>\n","protected":false},"author":1,"featured_media":0,"parent":0,"menu_order":0,"comment_status":"closed","ping_status":"closed","template":"elementor_header_footer","meta":{"footnotes":""},"class_list":["post-481","page","type-page","status-publish","hentry"],"_links":{"self":[{"href":"https:\/\/poolsites.com.br\/recruteibrusque\/wp-json\/wp\/v2\/pages\/481","targetHints":{"allow":["GET"]}}],"collection":[{"href":"https:\/\/poolsites.com.br\/recruteibrusque\/wp-json\/wp\/v2\/pages"}],"about":[{"href":"https:\/\/poolsites.com.br\/recruteibrusque\/wp-json\/wp\/v2\/types\/page"}],"author":[{"embeddable":true,"href":"https:\/\/poolsites.com.br\/recruteibrusque\/wp-json\/wp\/v2\/users\/1"}],"replies":[{"embeddable":true,"href":"https:\/\/poolsites.com.br\/recruteibrusque\/wp-json\/wp\/v2\/comments?post=481"}],"version-history":[{"count":6,"href":"https:\/\/poolsites.com.br\/recruteibrusque\/wp-json\/wp\/v2\/pages\/481\/revisions"}],"predecessor-version":[{"id":2672,"href":"https:\/\/poolsites.com.br\/recruteibrusque\/wp-json\/wp\/v2\/pages\/481\/revisions\/2672"}],"wp:attachment":[{"href":"https:\/\/poolsites.com.br\/recruteibrusque\/wp-json\/wp\/v2\/media?parent=481"}],"curies":[{"name":"wp","href":"https:\/\/api.w.org\/{rel}","templated":true}]}}