{"id":417,"date":"2023-09-05T15:10:12","date_gmt":"2023-09-05T18:10:12","guid":{"rendered":"https:\/\/poolsites.com.br\/recruteibrusque\/?page_id=417"},"modified":"2025-01-05T09:47:17","modified_gmt":"2025-01-05T12:47:17","slug":"cadastro-dos-funcionarios","status":"publish","type":"page","link":"https:\/\/poolsites.com.br\/recruteibrusque\/cadastro-dos-funcionarios\/","title":{"rendered":"Cadastro dos funcion\u00e1rios"},"content":{"rendered":"\t\t<div data-elementor-type=\"wp-page\" data-elementor-id=\"417\" class=\"elementor elementor-417\" data-elementor-post-type=\"page\">\n\t\t\t\t<div class=\"elementor-element elementor-element-84cdb8d e-flex e-con-boxed e-con e-parent\" data-id=\"84cdb8d\" data-element_type=\"container\" data-settings=\"{&quot;background_background&quot;:&quot;classic&quot;}\">\n\t\t\t\t\t<div class=\"e-con-inner\">\n\t\t<div class=\"elementor-element elementor-element-afe4a2e e-con-full e-flex e-con e-child\" data-id=\"afe4a2e\" data-element_type=\"container\" data-settings=\"{&quot;background_background&quot;:&quot;classic&quot;}\">\n\t\t\t\t<div class=\"elementor-element elementor-element-2d3f91c elementor-widget elementor-widget-jet-form-builder-form\" data-id=\"2d3f91c\" data-element_type=\"widget\" data-widget_type=\"jet-form-builder-form.default\">\n\t\t\t\t<div class=\"elementor-widget-container\">\n\t\t\t\t\t<link rel='stylesheet' id='wp-block-library-css' href='https:\/\/poolsites.com.br\/recruteibrusque\/wp-includes\/css\/dist\/block-library\/style.min.css?ver=6.8.5' media='all' \/>\n<style id=\"jet-form-builder-1187-inline-css\"><\/style><form  class=\"jet-form-builder layout-column submit-type-reload\" action=\"https:\/\/poolsites.com.br\/recruteibrusque\/wp-json\/wp\/v2\/pages\/417\/?jet_form_builder_submit=submit&amp;method=reload\" method=\"POST\" data-form-id=\"1187\" data-layout=\"column\" enctype=\"multipart\/form-data\" novalidate=\"null\"><input type=\"hidden\" id=\"_wpnonce\" name=\"_wpnonce\" value=\"3464a954e9\" \/><input type=\"hidden\" name=\"_wp_http_referer\" value=\"\/recruteibrusque\/wp-json\/wp\/v2\/pages\/417\" \/>\r\n<input type=\"hidden\" name=\"_jfb_current_render_states[]\" value=\"DEFAULT.STATE\" data-jfb-sync \/><input type=\"hidden\" class=\"jet-form-builder__field hidden-field\" name=\"_jet_engine_booking_form_id\" data-field-name=\"_jet_engine_booking_form_id\" value=\"1187\">\n<input type=\"hidden\" class=\"jet-form-builder__field hidden-field\" name=\"_jet_engine_refer\" data-field-name=\"_jet_engine_refer\" value=\"https:\/\/poolsites.com.br\/recruteibrusque\/wp-json\/wp\/v2\/pages\/417\/\">\n<input type=\"hidden\" class=\"jet-form-builder__field hidden-field\" name=\"__queried_post_id\" data-field-name=\"__queried_post_id\" value=\"417\">\n\n<h2 class=\"wp-block-heading has-text-align-center has-text-color\" style=\"color:#ed8f03\">Cadastro do funcion\u00e1rio<\/h2>\n\n\n\n<p class=\"has-text-align-center has-medium-font-size\">Escolha a fun\u00e7\u00e3o do usu\u00e1rio para iniciar o registro<\/p>\n\n\n<div  class=\"jet-form-builder-row field-type-text-field\" >\n<div class=\"jet-form-builder__label\">\r\n<div class=\"jet-form-builder__label-text\">Nome do funcion\u00e1rio<\/div><\/div><div class=\"jet-form-builder__field-wrap\">\n\t\t\t\t<input name=\"nome_do_funcionario\" id=\"nome_do_funcionario\" type=\"text\" data-field-name=\"nome_do_funcionario\" class=\"jet-form-builder__field text-field\" data-jfb-sync=\"null\">\n\t\t\t\t\t<\/div>\n<\/div>\n\n\n<div class=\"wp-block-columns is-layout-flex wp-container-core-columns-is-layout-28f84493 wp-block-columns-is-layout-flex\">\n<div class=\"wp-block-column is-layout-flow wp-block-column-is-layout-flow\"><div  class=\"jet-form-builder-row field-type-text-field\" >\n<div class=\"jet-form-builder__label\">\r\n<div class=\"jet-form-builder__label-text\">Primeiro nome<\/div><\/div><div class=\"jet-form-builder__field-wrap\">\n\t\t\t\t<input name=\"primeiro_nome\" id=\"primeiro_nome\" type=\"text\" data-field-name=\"primeiro_nome\" class=\"jet-form-builder__field text-field\" data-jfb-sync=\"null\">\n\t\t\t\t\t<\/div>\n<\/div><\/div>\n\n\n\n<div class=\"wp-block-column is-layout-flow wp-block-column-is-layout-flow\"><div  class=\"jet-form-builder-row field-type-text-field\" >\n<div class=\"jet-form-builder__label\">\r\n<div class=\"jet-form-builder__label-text\">Sobrenome<\/div><\/div><div class=\"jet-form-builder__field-wrap\">\n\t\t\t\t<input name=\"sobrenome\" id=\"sobrenome\" type=\"text\" data-field-name=\"sobrenome\" class=\"jet-form-builder__field text-field\" data-jfb-sync=\"null\">\n\t\t\t\t\t<\/div>\n<\/div><\/div>\n<\/div>\n\n\n<div  class=\"jet-form-builder-row field-type-text-field\" >\n<div class=\"jet-form-builder__label\">\r\n<div class=\"jet-form-builder__label-text\">Email do funcion\u00e1rio<\/div><\/div><div class=\"jet-form-builder__field-wrap\">\n\t\t\t\t<input name=\"email-do-funcionario\" id=\"email-do-funcionario\" type=\"text\" data-field-name=\"email-do-funcionario\" class=\"jet-form-builder__field text-field\" data-jfb-sync=\"null\">\n\t\t\t\t\t<\/div>\n<\/div>\n\n\n<div class=\"wp-block-columns is-layout-flex wp-container-core-columns-is-layout-28f84493 wp-block-columns-is-layout-flex\">\n<div class=\"wp-block-column is-layout-flow wp-block-column-is-layout-flow\"><\/div>\n\n\n\n<div class=\"wp-block-column is-layout-flow wp-block-column-is-layout-flow\"><div  class=\"jet-form-builder-row field-type-text-field\" >\n<div class=\"jet-form-builder__label\">\r\n<div class=\"jet-form-builder__label-text\">Confirmar senha <span class=\"jet-form-builder__required\">*<\/span><\/div><\/div><div class=\"jet-form-builder__field-wrap\">\n\t\t\t\t<input required=\"required\" name=\"confirmar_senha_funcionario\" id=\"confirmar_senha_funcionario\" type=\"password\" data-field-name=\"confirmar_senha_funcionario\" class=\"jet-form-builder__field text-field\" data-jfb-sync=\"null\">\n\t\t\t\t\t<\/div>\n<\/div><\/div>\n<\/div>\n\n\n\n<div class=\"wp-block-columns is-layout-flex wp-container-core-columns-is-layout-28f84493 wp-block-columns-is-layout-flex\">\n<div class=\"wp-block-column is-layout-flow wp-block-column-is-layout-flow\"><div  class=\"jet-form-builder-row field-type-text-field\" >\n<div class=\"jet-form-builder__label\">\r\n<div class=\"jet-form-builder__label-text\">Data de anivers\u00e1rio<\/div><\/div><div class=\"jet-form-builder__field-wrap\">\n\t\t\t\t<input name=\"data-de-aniversario\" id=\"data-de-aniversario\" type=\"text\" data-field-name=\"data-de-aniversario\" class=\"jet-form-builder__field text-field\" data-jfb-sync=\"null\">\n\t\t\t\t\t<\/div>\n<\/div><\/div>\n\n\n\n<div class=\"wp-block-column is-layout-flow wp-block-column-is-layout-flow\"><div  class=\"jet-form-builder-row field-type-text-field\" >\n<div class=\"jet-form-builder__label\">\r\n<div class=\"jet-form-builder__label-text\">Telefone<\/div><\/div><div class=\"jet-form-builder__field-wrap\">\n\t\t\t\t<input name=\"telefone\" id=\"telefone\" type=\"text\" data-field-name=\"telefone\" class=\"jet-form-builder__field text-field\" data-jfb-sync=\"null\">\n\t\t\t\t\t<\/div>\n<\/div><\/div>\n<\/div>\n\n\n<div  class=\"jet-form-builder-row field-type-submit-field\" >\n\t<div data-type=\"submit\" class=\"jet-form-builder__action-button-wrapper jet-form-builder__submit-wrap\">\n\t<button class=\"jet-form-builder__action-button jet-form-builder__submit submit-type-reload\" type=\"submit\">Cadastrar<\/button>\n\t<\/div>\n\t\n<\/div>\t<div class=\"jet-form-builder-messages-wrap\" data-form-id=\"1187\"><\/div>\n<\/form>\n\t\t\t\t<\/div>\n\t\t\t\t<\/div>\n\t\t\t\t<\/div>\n\t\t\t\t\t<\/div>\n\t\t\t\t<\/div>\n\t\t\t\t<\/div>\n\t\t","protected":false},"excerpt":{"rendered":"<p>Cadastro do funcion\u00e1rio Escolha a fun\u00e7\u00e3o do usu\u00e1rio para iniciar o registro Nome do funcion\u00e1rio Primeiro nome Sobrenome Email do funcion\u00e1rio Senha * Confirmar senha * Data de anivers\u00e1rio Telefone Cadastrar<\/p>\n","protected":false},"author":1,"featured_media":0,"parent":0,"menu_order":0,"comment_status":"closed","ping_status":"closed","template":"elementor_header_footer","meta":{"footnotes":""},"class_list":["post-417","page","type-page","status-publish","hentry"],"_links":{"self":[{"href":"https:\/\/poolsites.com.br\/recruteibrusque\/wp-json\/wp\/v2\/pages\/417","targetHints":{"allow":["GET"]}}],"collection":[{"href":"https:\/\/poolsites.com.br\/recruteibrusque\/wp-json\/wp\/v2\/pages"}],"about":[{"href":"https:\/\/poolsites.com.br\/recruteibrusque\/wp-json\/wp\/v2\/types\/page"}],"author":[{"embeddable":true,"href":"https:\/\/poolsites.com.br\/recruteibrusque\/wp-json\/wp\/v2\/users\/1"}],"replies":[{"embeddable":true,"href":"https:\/\/poolsites.com.br\/recruteibrusque\/wp-json\/wp\/v2\/comments?post=417"}],"version-history":[{"count":0,"href":"https:\/\/poolsites.com.br\/recruteibrusque\/wp-json\/wp\/v2\/pages\/417\/revisions"}],"wp:attachment":[{"href":"https:\/\/poolsites.com.br\/recruteibrusque\/wp-json\/wp\/v2\/media?parent=417"}],"curies":[{"name":"wp","href":"https:\/\/api.w.org\/{rel}","templated":true}]}}