{"id":380,"date":"2023-09-05T14:54:04","date_gmt":"2023-09-05T17:54:04","guid":{"rendered":"https:\/\/poolsites.com.br\/recruteibrusque\/?page_id=380"},"modified":"2025-01-05T09:46:15","modified_gmt":"2025-01-05T12:46:15","slug":"cadastro-da-empresa","status":"publish","type":"page","link":"https:\/\/poolsites.com.br\/recruteibrusque\/cadastro-da-empresa\/","title":{"rendered":"Cadastro da empresa"},"content":{"rendered":"\t\t<div data-elementor-type=\"wp-page\" data-elementor-id=\"380\" class=\"elementor elementor-380\" data-elementor-post-type=\"page\">\n\t\t\t\t<div class=\"elementor-element elementor-element-bda0ad0 e-flex e-con-boxed e-con e-parent\" data-id=\"bda0ad0\" data-element_type=\"container\" data-settings=\"{&quot;background_background&quot;:&quot;classic&quot;}\">\n\t\t\t\t\t<div class=\"e-con-inner\">\n\t\t<div class=\"elementor-element elementor-element-0a9dc62 e-con-full e-flex e-con e-child\" data-id=\"0a9dc62\" data-element_type=\"container\" data-settings=\"{&quot;background_background&quot;:&quot;classic&quot;}\">\n\t\t\t\t<div class=\"elementor-element elementor-element-b3e8420 elementor-widget elementor-widget-heading\" data-id=\"b3e8420\" data-element_type=\"widget\" data-widget_type=\"heading.default\">\n\t\t\t\t<div class=\"elementor-widget-container\">\n\t\t\t\t\t<h2 class=\"elementor-heading-title elementor-size-default\">Cadastro da empresa<\/h2>\t\t\t\t<\/div>\n\t\t\t\t<\/div>\n\t\t\t\t<div class=\"elementor-element elementor-element-b1cb8a1 elementor-widget elementor-widget-text-editor\" data-id=\"b1cb8a1\" data-element_type=\"widget\" data-widget_type=\"text-editor.default\">\n\t\t\t\t<div class=\"elementor-widget-container\">\n\t\t\t\t\t\t\t\t\t<p>Registre-se para publicar empregos e tenha acesso a todos os servi\u00e7os para empregadores.<\/p>\t\t\t\t\t\t\t\t<\/div>\n\t\t\t\t<\/div>\n\t\t\t\t<div class=\"elementor-element elementor-element-ef3b8e8 elementor-widget elementor-widget-jet-form-builder-form\" data-id=\"ef3b8e8\" data-element_type=\"widget\" data-widget_type=\"jet-form-builder-form.default\">\n\t\t\t\t<div class=\"elementor-widget-container\">\n\t\t\t\t\t<link rel='stylesheet' id='wp-block-library-css' href='https:\/\/poolsites.com.br\/recruteibrusque\/wp-includes\/css\/dist\/block-library\/style.min.css?ver=6.8.5' media='all' \/>\n<style id=\"jet-form-builder-431-inline-css\"><\/style><form  class=\"jet-form-builder layout-column submit-type-reload\" action=\"https:\/\/poolsites.com.br\/recruteibrusque\/wp-json\/wp\/v2\/pages\/380\/?jet_form_builder_submit=submit&amp;method=reload\" method=\"POST\" data-form-id=\"431\" data-layout=\"column\" enctype=\"multipart\/form-data\" novalidate=\"null\">\r\n<input type=\"hidden\" name=\"_jfb_current_render_states[]\" value=\"DEFAULT.STATE\" data-jfb-sync \/><input type=\"hidden\" class=\"jet-form-builder__field hidden-field\" name=\"_jet_engine_booking_form_id\" data-field-name=\"_jet_engine_booking_form_id\" value=\"431\">\n<input type=\"hidden\" class=\"jet-form-builder__field hidden-field\" name=\"_jet_engine_refer\" data-field-name=\"_jet_engine_refer\" value=\"https:\/\/poolsites.com.br\/recruteibrusque\/wp-json\/wp\/v2\/pages\/380\/\">\n<input type=\"hidden\" class=\"jet-form-builder__field hidden-field\" name=\"__queried_post_id\" data-field-name=\"__queried_post_id\" value=\"380\">\n\n<h4 class=\"wp-block-heading has-text-color\" style=\"color:#333333b8\">Credenciais de login.<\/h4>\n\n\n\n<input type=\"hidden\" class=\"jet-form-builder__field hidden-field\" name=\"limite-de-anuncios\" data-field-name=\"limite-de-anuncios\" data-jfb-sync=\"null\" value=\"3\">\n\n\n\n\n<input type=\"hidden\" class=\"jet-form-builder__field hidden-field\" name=\"planos\" data-field-name=\"planos\" data-jfb-sync=\"null\" value=\"_basico\">\n\n\n\n<div  class=\"jet-form-builder-row field-type-media-field\" >\n<template class=\"jet-form-builder__preview-template\"><div class=\"jet-form-builder-file-upload__file\" data-file=\"%file_url%\">\n\t<!-- preview -->\n\t<!-- field -->\n\t<div class=\"jet-form-builder-file-upload__file-remove\" data-file-name=\"%file_name%\">\n\t\t<svg width=\"22\" height=\"22\" viewBox=\"0 0 14 15\" fill=\"none\" xmlns=\"http:\/\/www.w3.org\/2000\/svg\">\n\t\t\t<path d=\"M4.375 7H6.125V12.25H4.375V7ZM7.875 7H9.625V12.25H7.875V7ZM10.5 1.75C10.5 1.51302 10.4134 1.30794 10.2402 1.13477C10.0762 0.961589 9.87109 0.875 9.625 0.875H4.375C4.12891 0.875 3.91927 0.961589 3.74609 1.13477C3.58203 1.30794 3.5 1.51302 3.5 1.75V3.5H0V5.25H0.875V14C0.875 14.237 0.957031 14.4421 1.12109 14.6152C1.29427 14.7884 1.50391 14.875 1.75 14.875H12.25C12.4961 14.875 12.7012 14.7884 12.8652 14.6152C13.0384 14.4421 13.125 14.237 13.125 14V5.25H14V3.5H10.5V1.75ZM5.25 2.625H8.75V3.5H5.25V2.625ZM11.375 5.25V13.125H2.625V5.25H11.375Z\"><\/path>\n\t\t<\/svg>\n\t<\/div>\n\t<span\n\t\t\tclass=\"jet-form-builder-file-upload__file-invalid-marker\"\n\t\t\tstyle=\"display: none\">\n\t\t<svg xmlns=\"http:\/\/www.w3.org\/2000\/svg\" viewBox=\"0 0 20 20\" fill=\"currentcolor\" width=\"24\" height=\"24\" aria-hidden=\"true\" focusable=\"false\"><path d=\"M10 2c4.42 0 8 3.58 8 8s-3.58 8-8 8-8-3.58-8-8 3.58-8 8-8zm1.13 9.38l.35-6.46H8.52l.35 6.46h2.26zm-.09 3.36c.24-.23.37-.55.37-.96 0-.42-.12-.74-.36-.97s-.59-.35-1.06-.35-.82.12-1.07.35-.37.55-.37.97c0 .41.13.73.38.96.26.23.61.34 1.06.34s.8-.11 1.05-.34z\"><\/path><\/svg>\n\t<\/span>\n\t<!-- footer -->\n<\/div>\n<\/template><div class=\"jet-form-builder__label\">\r\n<div class=\"jet-form-builder__label-text\">Logo da empresa<\/div><\/div><div class=\"jet-form-builder__field-wrap jet-form-builder-file-upload\">\n\t\t<div class=\"jet-form-builder-file-upload__content\">\n\t\t<div class=\"jet-form-builder-file-upload__loader\"><svg xmlns=\"http:\/\/www.w3.org\/2000\/svg\" width=\"38\" height=\"38\" viewBox=\"0 0 38 38\" stroke=\"#fff\"><g fill=\"none\" fill-rule=\"evenodd\"><g transform=\"translate(1 1)\" stroke-width=\"2\"><circle stroke-opacity=\".5\" cx=\"18\" cy=\"18\" r=\"18\"\/><path d=\"M36 18c0-9.94-8.06-18-18-18\" transform=\"rotate(137.826 18 18)\"><animateTransform attributeName=\"transform\" type=\"rotate\" from=\"0 18 18\" to=\"360 18 18\" dur=\"1s\" repeatCount=\"indefinite\"\/><\/path><\/g><\/g><\/svg><\/div>\t\t<div class=\"jet-form-builder-file-upload__files\" data-args=\"{&quot;max_files&quot;:1,&quot;max_size&quot;:2097152}\">\n\t\t\t\t\t<\/div>\n\t<\/div>\n\t<div class=\"jet-form-builder-file-upload__fields\">\n\t\t<input class=\"jet-form-builder__field file-field jet-form-builder-file-upload__input\" name=\"logo-da-empresa\" data-field-name=\"logo-da-empresa\" type=\"file\" data-form_id=\"431\" id=\"logo-da-empresa\" data-jfb-sync=\"null\" accept=\"image\/jpeg,image\/png\" data-max_size=\"2097152\">\n\t<\/div>\n\t<div class=\"jet-form-builder-file-upload__message\"><small>Maximum file size: 2 MB<\/small><\/div>\n\t<div class=\"jet-form-builder-file-upload__errors is-hidden\"><\/div>\n\t<\/div>\n<\/div>\n\n<div  class=\"jet-form-builder-row field-type-text-field\" >\n<div class=\"jet-form-builder__label\">\r\n<div class=\"jet-form-builder__label-text\">Email<\/div><\/div><div class=\"jet-form-builder__field-wrap\">\n\t\t\t\t<input name=\"email\" id=\"email\" type=\"email\" data-field-name=\"email\" class=\"jet-form-builder__field text-field\" data-jfb-sync=\"null\">\n\t\t\t\t\t<\/div>\n<\/div>\n\n\n\n<div  class=\"jet-form-builder-row field-type-text-field\" >\n<div class=\"jet-form-builder__label\">\r\n<div class=\"jet-form-builder__label-text\">Confirmar senha <span class=\"jet-form-builder__required\">*<\/span><\/div><\/div><div class=\"jet-form-builder__field-wrap\">\n\t\t\t\t<input required=\"required\" name=\"Confirmar-senha\" id=\"Confirmar-senha\" type=\"password\" data-field-name=\"Confirmar-senha\" class=\"jet-form-builder__field text-field\" data-jfb-sync=\"null\">\n\t\t\t\t\t<\/div>\n<\/div>\n\n\n<h4 class=\"wp-block-heading has-text-color\" style=\"color:#333333b8\">Informa\u00e7\u00f5es da Empresa<\/h4>\n\n\n<div  class=\"jet-form-builder-row field-type-text-field\" >\n<div class=\"jet-form-builder__label\">\r\n<div class=\"jet-form-builder__label-text\">Nome da empresa<\/div><\/div><div class=\"jet-form-builder__field-wrap\">\n\t\t\t\t<input name=\"nome-da-empresa\" id=\"nome-da-empresa\" type=\"text\" data-field-name=\"nome-da-empresa\" class=\"jet-form-builder__field text-field\" data-jfb-sync=\"null\">\n\t\t\t\t\t<\/div>\n<\/div>\n\n<div  class=\"jet-form-builder-row field-type-text-field\" >\n<div class=\"jet-form-builder__label\">\r\n<div class=\"jet-form-builder__label-text\">Site da empresa<\/div><\/div><div class=\"jet-form-builder__field-wrap\">\n\t\t\t\t<input name=\"url-da-empresa\" id=\"url-da-empresa\" type=\"text\" data-field-name=\"url-da-empresa\" class=\"jet-form-builder__field text-field\" data-jfb-sync=\"null\">\n\t\t\t\t\t<\/div>\n<\/div>\n\n\n<h4 class=\"wp-block-heading has-text-color\" style=\"color:#333333b8\">Localiza\u00e7\u00e3o da empresa<\/h4>\n\n\n<div  class=\"jet-form-builder-row field-type-select-field wp-block-jet-forms-select-field\">\n<div class=\"jet-form-builder__field-wrap\">\n\t<select class=\"jet-form-builder__field select-field\" name=\"localizacao-da-vaga\" data-field-name=\"localizacao-da-vaga\" id=\"localizacao-da-vaga\" data-jfb-sync=\"null\">\n\t\t<option value=\"29\" >Blumenau<\/option><option value=\"2\" >Brusque<\/option><option value=\"24\" >Mundialmente<\/option>\t<\/select>\n<\/div>\n<\/div>\n\n\n<h4 class=\"wp-block-heading has-text-color\" style=\"color:#333333b8\">Especializa\u00e7\u00e3o da empresa (categoria)<\/h4>\n\n\n<div  class=\"jet-form-builder-row field-type-select-field wp-block-jet-forms-select-field\">\n<div class=\"jet-form-builder__field-wrap\">\n\t<select class=\"jet-form-builder__field select-field\" name=\"categoria-da-vaga\" data-field-name=\"categoria-da-vaga\" id=\"categoria-da-vaga\" data-jfb-sync=\"null\">\n\t\t<option value=\"5\" >Administra\u00e7\u00e3o<\/option><option value=\"28\" >Aliment\u00edcios<\/option><option value=\"6\" >Educa\u00e7\u00e3o<\/option><option value=\"8\" >Industria<\/option><option value=\"9\" >Inform\u00e1tica<\/option><option value=\"14\" >Jur\u00eddico<\/option><option value=\"10\" >Sa\u00fade<\/option><option value=\"27\" >Tecnologia<\/option><option value=\"11\" >Telemarketing<\/option><option value=\"12\" >Transporte<\/option><option value=\"13\" >vendas<\/option>\t<\/select>\n<\/div>\n<\/div>\n\n\n<h4 class=\"wp-block-heading has-text-color\" style=\"color:#333333b8\">Informa\u00e7\u00f5es de contato<\/h4>\n\n\n\n<p>N\u00e3o compartilharemos seu nome e n\u00famero de telefone com ningu\u00e9m. Eles s\u00f3 aparecer\u00e3o no site se voc\u00ea mesmo os publicar.<\/p>\n\n\n<div  class=\"jet-form-builder-row field-type-text-field\" >\n<div class=\"jet-form-builder__label\">\r\n<div class=\"jet-form-builder__label-text\">Primeiro nome<\/div><\/div><div class=\"jet-form-builder__field-wrap\">\n\t\t\t\t<input name=\"first-name\" id=\"first-name\" type=\"text\" data-field-name=\"first-name\" class=\"jet-form-builder__field text-field\" data-jfb-sync=\"null\">\n\t\t\t\t\t<\/div>\n<\/div>\n\n<div  class=\"jet-form-builder-row field-type-text-field\" >\n<div class=\"jet-form-builder__label\">\r\n<div class=\"jet-form-builder__label-text\">Sobrenome<\/div><\/div><div class=\"jet-form-builder__field-wrap\">\n\t\t\t\t<input name=\"sobrenome\" id=\"sobrenome\" type=\"text\" data-field-name=\"sobrenome\" class=\"jet-form-builder__field text-field\" data-jfb-sync=\"null\">\n\t\t\t\t\t<\/div>\n<\/div>\n\n<div  class=\"jet-form-builder-row field-type-text-field\" >\n<div class=\"jet-form-builder__label\">\r\n<div class=\"jet-form-builder__label-text\">Telefone<\/div><\/div><div class=\"jet-form-builder__field-wrap\">\n\t\t\t\t<input name=\"telefone-empresa\" id=\"telefone-empresa\" type=\"text\" data-field-name=\"telefone-empresa\" class=\"jet-form-builder__field text-field\" data-jfb-sync=\"null\">\n\t\t\t\t\t<\/div>\n<\/div>\n\n\n<h4 class=\"wp-block-heading has-text-color\" style=\"color:#333333b8\">Descri\u00e7\u00e3o da empresa<\/h4>\n\n\n\n<p>O que a sua empresa faz, qual a sua miss\u00e3o, sucessos, potencial de crescimento profissional e de carreira, programas motivacionais e os benef\u00edcios de trabalhar na sua empresa.<\/p>\n\n\n<div  class=\"jet-form-builder-row field-type-wysiwyg-field wp-block-jet-forms-wysiwyg-field\">\n<div class=\"jet-form-builder__field-wrap\">\n\t\t<div class=\"jet-form-builder__field wysiwyg-field\" data-editor=\"{&quot;textarea_name&quot;:&quot;sobre-a-empresa&quot;,&quot;media_buttons&quot;:false,&quot;textarea_rows&quot;:8,&quot;quicktags&quot;:false,&quot;tinymce&quot;:{&quot;plugins&quot;:&quot;lists,paste,tabfocus,wplink,wordpress&quot;,&quot;paste_as_text&quot;:true,&quot;paste_auto_cleanup_on_paste&quot;:true,&quot;paste_remove_spans&quot;:true,&quot;paste_remove_styles&quot;:true,&quot;paste_remove_styles_if_webkit&quot;:true,&quot;paste_strip_class_attributes&quot;:true,&quot;toolbar1&quot;:&quot;formatselect,|,bold,italic,strikethrough,blockquote,|,bullist,numlist,|,alignleft,aligncenter,alignright,|,link,unlink,|,undo,redo&quot;,&quot;toolbar2&quot;:&quot;&quot;,&quot;toolbar3&quot;:&quot;&quot;,&quot;toolbar4&quot;:&quot;&quot;}}\" data-jfb-sync=\"null\">\n\t\t\t<div id=\"wp-wp_editor_sobre-a-empresa-wrap\" class=\"wp-core-ui wp-editor-wrap tmce-active\"><link rel='stylesheet' id='dashicons-css' href='https:\/\/poolsites.com.br\/recruteibrusque\/wp-includes\/css\/dashicons.min.css?ver=6.8.5' media='all' \/>\n<link rel='stylesheet' id='editor-buttons-css' href='https:\/\/poolsites.com.br\/recruteibrusque\/wp-includes\/css\/editor.min.css?ver=6.8.5' media='all' \/>\n<div id=\"wp-wp_editor_sobre-a-empresa-editor-container\" class=\"wp-editor-container\"><textarea class=\"wp-editor-area\" rows=\"8\" autocomplete=\"off\" cols=\"40\" name=\"sobre-a-empresa\" id=\"wp_editor_sobre-a-empresa\"><\/textarea><\/div>\n<\/div>\n\n\t\t<\/div>\n\t<\/div>\n<\/div>\n\n<div  class=\"jet-form-builder-row field-type-submit-field\" >\n\t<div data-type=\"submit\" class=\"jet-form-builder__action-button-wrapper jet-form-builder__submit-wrap\">\n\t<button class=\"jet-form-builder__action-button jet-form-builder__submit submit-type-reload\" type=\"submit\">Cadastrar<\/button>\n\t<\/div>\n\t\n<\/div>\t<div class=\"jet-form-builder-messages-wrap\" data-form-id=\"431\"><\/div>\n<\/form>\n\t\t\t\t<\/div>\n\t\t\t\t<\/div>\n\t\t\t\t<\/div>\n\t\t\t\t\t<\/div>\n\t\t\t\t<\/div>\n\t\t\t\t<\/div>\n\t\t","protected":false},"excerpt":{"rendered":"<p>Cadastro da empresa Registre-se para publicar empregos e tenha acesso a todos os servi\u00e7os para empregadores. Credenciais de login. Logo da empresa Maximum file size: 2 MB Email Senha * Confirmar senha * Informa\u00e7\u00f5es da Empresa Nome da empresa Site da empresa Localiza\u00e7\u00e3o da empresa BlumenauBrusqueMundialmente Especializa\u00e7\u00e3o da empresa (categoria) Administra\u00e7\u00e3oAliment\u00edciosEduca\u00e7\u00e3oIndustriaInform\u00e1ticaJur\u00eddicoSa\u00fadeTecnologiaTelemarketingTransportevendas Informa\u00e7\u00f5es de contato N\u00e3o [&hellip;]<\/p>\n","protected":false},"author":1,"featured_media":0,"parent":0,"menu_order":0,"comment_status":"closed","ping_status":"closed","template":"elementor_header_footer","meta":{"footnotes":""},"class_list":["post-380","page","type-page","status-publish","hentry"],"_links":{"self":[{"href":"https:\/\/poolsites.com.br\/recruteibrusque\/wp-json\/wp\/v2\/pages\/380","targetHints":{"allow":["GET"]}}],"collection":[{"href":"https:\/\/poolsites.com.br\/recruteibrusque\/wp-json\/wp\/v2\/pages"}],"about":[{"href":"https:\/\/poolsites.com.br\/recruteibrusque\/wp-json\/wp\/v2\/types\/page"}],"author":[{"embeddable":true,"href":"https:\/\/poolsites.com.br\/recruteibrusque\/wp-json\/wp\/v2\/users\/1"}],"replies":[{"embeddable":true,"href":"https:\/\/poolsites.com.br\/recruteibrusque\/wp-json\/wp\/v2\/comments?post=380"}],"version-history":[{"count":0,"href":"https:\/\/poolsites.com.br\/recruteibrusque\/wp-json\/wp\/v2\/pages\/380\/revisions"}],"wp:attachment":[{"href":"https:\/\/poolsites.com.br\/recruteibrusque\/wp-json\/wp\/v2\/media?parent=380"}],"curies":[{"name":"wp","href":"https:\/\/api.w.org\/{rel}","templated":true}]}}