{"id":330,"date":"2023-09-05T13:54:09","date_gmt":"2023-09-05T16:54:09","guid":{"rendered":"https:\/\/poolsites.com.br\/recruteibrusque\/?page_id=330"},"modified":"2023-09-27T09:40:38","modified_gmt":"2023-09-27T12:40:38","slug":"cadastro","status":"publish","type":"page","link":"https:\/\/poolsites.com.br\/recruteibrusque\/cadastro\/","title":{"rendered":"Cadastro"},"content":{"rendered":"\t\t<div data-elementor-type=\"wp-page\" data-elementor-id=\"330\" class=\"elementor elementor-330\" data-elementor-post-type=\"page\">\n\t\t\t\t<div class=\"elementor-element elementor-element-c07da48 e-flex e-con-boxed e-con e-parent\" data-id=\"c07da48\" data-element_type=\"container\" data-settings=\"{&quot;background_background&quot;:&quot;classic&quot;}\">\n\t\t\t\t\t<div class=\"e-con-inner\">\n\t\t<div class=\"elementor-element elementor-element-6353fff e-con-full e-flex e-con e-child\" data-id=\"6353fff\" data-element_type=\"container\" data-settings=\"{&quot;background_background&quot;:&quot;classic&quot;}\">\n\t\t\t\t<div class=\"elementor-element elementor-element-d0d3f55 elementor-widget__width-inherit elementor-widget elementor-widget-heading\" data-id=\"d0d3f55\" data-element_type=\"widget\" data-widget_type=\"heading.default\">\n\t\t\t\t<div class=\"elementor-widget-container\">\n\t\t\t\t\t<h2 class=\"elementor-heading-title elementor-size-default\">Cadastro<\/h2>\t\t\t\t<\/div>\n\t\t\t\t<\/div>\n\t\t\t\t<div class=\"elementor-element elementor-element-dbd16bc elementor-widget__width-inherit elementor-widget elementor-widget-text-editor\" data-id=\"dbd16bc\" data-element_type=\"widget\" data-widget_type=\"text-editor.default\">\n\t\t\t\t<div class=\"elementor-widget-container\">\n\t\t\t\t\t\t\t\t\t<p>Escolha a fun\u00e7\u00e3o do usu\u00e1rio para iniciar o registro<\/p>\t\t\t\t\t\t\t\t<\/div>\n\t\t\t\t<\/div>\n\t\t\t\t<div class=\"elementor-element elementor-element-c2a8099 elementor-view-default elementor-position-top elementor-mobile-position-top elementor-widget elementor-widget-icon-box\" data-id=\"c2a8099\" data-element_type=\"widget\" data-widget_type=\"icon-box.default\">\n\t\t\t\t<div class=\"elementor-widget-container\">\n\t\t\t\t\t\t\t<div class=\"elementor-icon-box-wrapper\">\n\n\t\t\t\t\t\t<div class=\"elementor-icon-box-icon\">\n\t\t\t\t<a href=\"https:\/\/poolsites.com.br\/recruteibrusque\/cadastro-dos-funcionarios\/\" class=\"elementor-icon\" tabindex=\"-1\" aria-label=\"Funcion\u00e1rio\">\n\t\t\t\t<i aria-hidden=\"true\" class=\"fas fa-user-shield\"><\/i>\t\t\t\t<\/a>\n\t\t\t<\/div>\n\t\t\t\n\t\t\t\t\t\t<div class=\"elementor-icon-box-content\">\n\n\t\t\t\t\t\t\t\t\t<h3 class=\"elementor-icon-box-title\">\n\t\t\t\t\t\t<a href=\"https:\/\/poolsites.com.br\/recruteibrusque\/cadastro-dos-funcionarios\/\" >\n\t\t\t\t\t\t\tFuncion\u00e1rio\t\t\t\t\t\t<\/a>\n\t\t\t\t\t<\/h3>\n\t\t\t\t\n\t\t\t\t\n\t\t\t<\/div>\n\t\t\t\n\t\t<\/div>\n\t\t\t\t\t\t<\/div>\n\t\t\t\t<\/div>\n\t\t\t\t<div class=\"elementor-element elementor-element-c792a03 elementor-view-default elementor-position-top elementor-mobile-position-top elementor-widget elementor-widget-icon-box\" data-id=\"c792a03\" data-element_type=\"widget\" data-widget_type=\"icon-box.default\">\n\t\t\t\t<div class=\"elementor-widget-container\">\n\t\t\t\t\t\t\t<div class=\"elementor-icon-box-wrapper\">\n\n\t\t\t\t\t\t<div class=\"elementor-icon-box-icon\">\n\t\t\t\t<a href=\"https:\/\/poolsites.com.br\/recruteibrusque\/cadastro-da-empresa\/\" class=\"elementor-icon\" tabindex=\"-1\" aria-label=\"Empresa\">\n\t\t\t\t<i aria-hidden=\"true\" class=\"fas fa-business-time\"><\/i>\t\t\t\t<\/a>\n\t\t\t<\/div>\n\t\t\t\n\t\t\t\t\t\t<div class=\"elementor-icon-box-content\">\n\n\t\t\t\t\t\t\t\t\t<h3 class=\"elementor-icon-box-title\">\n\t\t\t\t\t\t<a href=\"https:\/\/poolsites.com.br\/recruteibrusque\/cadastro-da-empresa\/\" >\n\t\t\t\t\t\t\tEmpresa\t\t\t\t\t\t<\/a>\n\t\t\t\t\t<\/h3>\n\t\t\t\t\n\t\t\t\t\n\t\t\t<\/div>\n\t\t\t\n\t\t<\/div>\n\t\t\t\t\t\t<\/div>\n\t\t\t\t<\/div>\n\t\t\t\t<\/div>\n\t\t\t\t\t<\/div>\n\t\t\t\t<\/div>\n\t\t\t\t<\/div>\n\t\t","protected":false},"excerpt":{"rendered":"<p>Cadastro Escolha a fun\u00e7\u00e3o do usu\u00e1rio para iniciar o registro Funcion\u00e1rio Empresa<\/p>\n","protected":false},"author":1,"featured_media":0,"parent":0,"menu_order":0,"comment_status":"closed","ping_status":"closed","template":"elementor_header_footer","meta":{"footnotes":""},"class_list":["post-330","page","type-page","status-publish","hentry"],"_links":{"self":[{"href":"https:\/\/poolsites.com.br\/recruteibrusque\/wp-json\/wp\/v2\/pages\/330","targetHints":{"allow":["GET"]}}],"collection":[{"href":"https:\/\/poolsites.com.br\/recruteibrusque\/wp-json\/wp\/v2\/pages"}],"about":[{"href":"https:\/\/poolsites.com.br\/recruteibrusque\/wp-json\/wp\/v2\/types\/page"}],"author":[{"embeddable":true,"href":"https:\/\/poolsites.com.br\/recruteibrusque\/wp-json\/wp\/v2\/users\/1"}],"replies":[{"embeddable":true,"href":"https:\/\/poolsites.com.br\/recruteibrusque\/wp-json\/wp\/v2\/comments?post=330"}],"version-history":[{"count":0,"href":"https:\/\/poolsites.com.br\/recruteibrusque\/wp-json\/wp\/v2\/pages\/330\/revisions"}],"wp:attachment":[{"href":"https:\/\/poolsites.com.br\/recruteibrusque\/wp-json\/wp\/v2\/media?parent=330"}],"curies":[{"name":"wp","href":"https:\/\/api.w.org\/{rel}","templated":true}]}}